{"id":2,"date":"2024-06-10T09:29:11","date_gmt":"2024-06-10T07:29:11","guid":{"rendered":"http:\/\/tisanesetbourgeons.fr\/?page_id=2"},"modified":"2025-03-11T18:47:30","modified_gmt":"2025-03-11T17:47:30","slug":"page-d-exemple","status":"publish","type":"page","link":"https:\/\/tisanesetbourgeons.fr\/?page_id=2","title":{"rendered":"A propos"},"content":{"rendered":"\n<h2 class=\"wp-block-heading has-text-align-center\">A propos<\/h2>\n\n\n\n<div class=\"wp-block-columns are-vertically-aligned-center is-layout-flex wp-container-core-columns-is-layout-28f84493 wp-block-columns-is-layout-flex\">\n<div class=\"wp-block-column is-vertically-aligned-center is-layout-flow wp-block-column-is-layout-flow\" style=\"flex-basis:100%\">\n<figure class=\"wp-block-image\"><img fetchpriority=\"high\" decoding=\"async\" width=\"2560\" height=\"1707\" src=\"https:\/\/tisanesetbourgeons.fr\/wp-content\/uploads\/2024\/11\/IMG20210816153535-edited-scaled.jpg\" alt=\"\" class=\"wp-image-218\" srcset=\"https:\/\/tisanesetbourgeons.fr\/wp-content\/uploads\/2024\/11\/IMG20210816153535-edited-scaled.jpg 2560w, https:\/\/tisanesetbourgeons.fr\/wp-content\/uploads\/2024\/11\/IMG20210816153535-edited-300x200.jpg 300w, https:\/\/tisanesetbourgeons.fr\/wp-content\/uploads\/2024\/11\/IMG20210816153535-edited-1024x683.jpg 1024w, https:\/\/tisanesetbourgeons.fr\/wp-content\/uploads\/2024\/11\/IMG20210816153535-edited-768x512.jpg 768w, https:\/\/tisanesetbourgeons.fr\/wp-content\/uploads\/2024\/11\/IMG20210816153535-edited-1536x1024.jpg 1536w, https:\/\/tisanesetbourgeons.fr\/wp-content\/uploads\/2024\/11\/IMG20210816153535-edited-2048x1365.jpg 2048w, https:\/\/tisanesetbourgeons.fr\/wp-content\/uploads\/2024\/11\/IMG20210816153535-edited-600x400.jpg 600w\" sizes=\"(max-width: 2560px) 100vw, 2560px\" \/><\/figure>\n<\/div>\n<\/div>\n\n\n\n<p><strong>Tisanes et Bourgeons<\/strong> ce sont des produits bien \u00eatre \u00e0 base de plantes pour prendre soin de soi au naturel, en toute simplicit\u00e9 et dans le respect de l&rsquo;environnement.<\/p>\n\n\n\n<p>Tisanes et Bourgeons est une ferme de plantes aromatiques et m\u00e9dicinales situ\u00e9e dans le Jura. Cr\u00e9\u00e9e en janvier 2023, elle est le fruit de plusieurs ann\u00e9es de d\u00e9couvertes et d&rsquo;apprentissages sur le monde des plantes.<\/p>\n\n\n\n<p>Mon installation s&rsquo;est r\u00e9alis\u00e9e en douceur (enfin pas tout le temps, \u00e7a remue une cr\u00e9ation d&rsquo;entreprise tout de m\u00eame), progressivement . Mon cheminement est constitu\u00e9 d&rsquo;\u00e9tapes cl\u00e9s qui m&rsquo;ont permis de d\u00e9couvrir le m\u00e9tier, ses \u00e9merveillements et ses difficult\u00e9s : woofing, volontariat dans une ferme, obtention d&rsquo;un dipl\u00f4me agricole (BPREA en plantes aromatiques et m\u00e9dicinales), formations sur les plantes pour les femmes, installation en tant que double active (tout en \u00e9tant salari\u00e9e d&rsquo;une association), et en espace test agricole. <\/p>\n\n\n\n<p>Ce parcours \u00e0 \u00e9tape ma donn\u00e9 le temps d&rsquo;appr\u00e9hender ce nouveau m\u00e9tier sous toutes ses facettes et de m&rsquo;assurer de pouvoir le r\u00e9aliser au mieux. Aujourd&rsquo;hui, je suis pleinement d\u00e9di\u00e9e \u00e0 mon activit\u00e9 agricole et m&rsquo;investis enti\u00e8rement dans son d\u00e9veloppement. La prochaine \u00e9tape de mon projet : trouver un local pour la transformation de mes plantes, afin de pouvoir produire un peu plus.<\/p>\n\n\n\n<p>Je cultive pr\u00e8s de 60 vari\u00e9t\u00e9s de plantes en agriculture biologique et je proc\u00e8de \u00e9galement \u00e0 la r\u00e9colte de certaines plantes sauvages, telles que l&rsquo;ortie.<\/p>\n\n\n\n<p>Ces plantes sont ensuite transform\u00e9es en une large gamme de produits, permettant \u00e0 chacun de profiter des bienfaits et des saveurs des plantes au quotidien : tisanes, aromates, alcoolatures, gemmoth\u00e9rapie, vinaigres m\u00e9dicinaux, etc.<\/p>\n\n\n\n<p class=\"has-text-align-center has-large-font-size\"><\/p>\n\n\n\n<p class=\"has-text-align-center has-large-font-size\"><\/p>\n","protected":false},"excerpt":{"rendered":"<p>A propos Tisanes et Bourgeons ce sont des produits bien \u00eatre \u00e0 base de plantes pour prendre soin de soi [&hellip;]<\/p>\n","protected":false},"author":1,"featured_media":0,"parent":0,"menu_order":0,"comment_status":"closed","ping_status":"open","template":"","meta":{"site-sidebar-layout":"default","site-content-layout":"","ast-site-content-layout":"default","site-content-style":"default","site-sidebar-style":"default","ast-global-header-display":"","ast-banner-title-visibility":"","ast-main-header-display":"","ast-hfb-above-header-display":"","ast-hfb-below-header-display":"","ast-hfb-mobile-header-display":"","site-post-title":"disabled","ast-breadcrumbs-content":"","ast-featured-img":"","footer-sml-layout":"","ast-disable-related-posts":"","theme-transparent-header-meta":"","adv-header-id-meta":"","stick-header-meta":"","header-above-stick-meta":"","header-main-stick-meta":"","header-below-stick-meta":"","astra-migrate-meta-layouts":"default","ast-page-background-enabled":"default","ast-page-background-meta":{"desktop":{"background-color":"var(--ast-global-color-4)","background-image":"","background-repeat":"repeat","background-position":"center center","background-size":"auto","background-attachment":"scroll","background-type":"","background-media":"","overlay-type":"","overlay-color":"","overlay-opacity":"","overlay-gradient":""},"tablet":{"background-color":"","background-image":"","background-repeat":"repeat","background-position":"center center","background-size":"auto","background-attachment":"scroll","background-type":"","background-media":"","overlay-type":"","overlay-color":"","overlay-opacity":"","overlay-gradient":""},"mobile":{"background-color":"","background-image":"","background-repeat":"repeat","background-position":"center center","background-size":"auto","background-attachment":"scroll","background-type":"","background-media":"","overlay-type":"","overlay-color":"","overlay-opacity":"","overlay-gradient":""}},"ast-content-background-meta":{"desktop":{"background-color":"var(--ast-global-color-5)","background-image":"","background-repeat":"repeat","background-position":"center center","background-size":"auto","background-attachment":"scroll","background-type":"","background-media":"","overlay-type":"","overlay-color":"","overlay-opacity":"","overlay-gradient":""},"tablet":{"background-color":"var(--ast-global-color-5)","background-image":"","background-repeat":"repeat","background-position":"center center","background-size":"auto","background-attachment":"scroll","background-type":"","background-media":"","overlay-type":"","overlay-color":"","overlay-opacity":"","overlay-gradient":""},"mobile":{"background-color":"var(--ast-global-color-5)","background-image":"","background-repeat":"repeat","background-position":"center center","background-size":"auto","background-attachment":"scroll","background-type":"","background-media":"","overlay-type":"","overlay-color":"","overlay-opacity":"","overlay-gradient":""}},"footnotes":""},"class_list":["post-2","page","type-page","status-publish","hentry"],"_links":{"self":[{"href":"https:\/\/tisanesetbourgeons.fr\/index.php?rest_route=\/wp\/v2\/pages\/2","targetHints":{"allow":["GET"]}}],"collection":[{"href":"https:\/\/tisanesetbourgeons.fr\/index.php?rest_route=\/wp\/v2\/pages"}],"about":[{"href":"https:\/\/tisanesetbourgeons.fr\/index.php?rest_route=\/wp\/v2\/types\/page"}],"author":[{"embeddable":true,"href":"https:\/\/tisanesetbourgeons.fr\/index.php?rest_route=\/wp\/v2\/users\/1"}],"replies":[{"embeddable":true,"href":"https:\/\/tisanesetbourgeons.fr\/index.php?rest_route=%2Fwp%2Fv2%2Fcomments&post=2"}],"version-history":[{"count":8,"href":"https:\/\/tisanesetbourgeons.fr\/index.php?rest_route=\/wp\/v2\/pages\/2\/revisions"}],"predecessor-version":[{"id":269,"href":"https:\/\/tisanesetbourgeons.fr\/index.php?rest_route=\/wp\/v2\/pages\/2\/revisions\/269"}],"wp:attachment":[{"href":"https:\/\/tisanesetbourgeons.fr\/index.php?rest_route=%2Fwp%2Fv2%2Fmedia&parent=2"}],"curies":[{"name":"wp","href":"https:\/\/api.w.org\/{rel}","templated":true}]}}